{"id":2,"date":"2016-05-10T03:48:21","date_gmt":"2016-05-10T03:48:21","guid":{"rendered":"http:\/\/vanderloofilm.de\/?page_id=2"},"modified":"2025-10-28T23:30:55","modified_gmt":"2025-10-28T23:30:55","slug":"sample-page","status":"publish","type":"page","link":"http:\/\/vanderloofilm.de\/?page_id=2","title":{"rendered":"ABOUT ME"},"content":{"rendered":"\t\t<div data-elementor-type=\"wp-page\" data-elementor-id=\"2\" class=\"elementor elementor-2\" data-elementor-post-type=\"page\">\n\t\t\t\t\t\t<section class=\"elementor-section elementor-top-section elementor-element elementor-element-1dbb5ff elementor-section-boxed elementor-section-height-default elementor-section-height-default\" data-id=\"1dbb5ff\" data-element_type=\"section\" data-e-type=\"section\">\n\t\t\t\t\t\t<div class=\"elementor-container elementor-column-gap-default\">\n\t\t\t\t\t<div class=\"elementor-column elementor-col-100 elementor-top-column elementor-element elementor-element-e5823a3\" data-id=\"e5823a3\" data-element_type=\"column\" data-e-type=\"column\">\n\t\t\t<div class=\"elementor-widget-wrap\">\n\t\t\t\t\t\t\t<\/div>\n\t\t<\/div>\n\t\t\t\t\t<\/div>\n\t\t<\/section>\n\t\t\t\t<section class=\"elementor-section elementor-top-section elementor-element elementor-element-c778d11 elementor-section-boxed elementor-section-height-default elementor-section-height-default\" data-id=\"c778d11\" data-element_type=\"section\" data-e-type=\"section\">\n\t\t\t\t\t\t<div class=\"elementor-container elementor-column-gap-default\">\n\t\t\t\t\t<div class=\"elementor-column elementor-col-100 elementor-top-column elementor-element elementor-element-8111bfc\" data-id=\"8111bfc\" data-element_type=\"column\" data-e-type=\"column\">\n\t\t\t<div class=\"elementor-widget-wrap elementor-element-populated\">\n\t\t\t\t\t\t<div class=\"elementor-element elementor-element-a29de7e elementor-widget elementor-widget-heading\" data-id=\"a29de7e\" data-element_type=\"widget\" data-e-type=\"widget\" data-widget_type=\"heading.default\">\n\t\t\t\t<div class=\"elementor-widget-container\">\n\t\t\t\t\t<h3 class=\"elementor-heading-title elementor-size-default\">Johannes Van der Loo<\/h3>\t\t\t\t<\/div>\n\t\t\t\t<\/div>\n\t\t\t\t<div class=\"elementor-element elementor-element-15889be elementor-widget-divider--view-line elementor-widget elementor-widget-divider\" data-id=\"15889be\" data-element_type=\"widget\" data-e-type=\"widget\" data-widget_type=\"divider.default\">\n\t\t\t\t<div class=\"elementor-widget-container\">\n\t\t\t\t\t\t\t<div class=\"elementor-divider\">\n\t\t\t<span class=\"elementor-divider-separator\">\n\t\t\t\t\t\t<\/span>\n\t\t<\/div>\n\t\t\t\t\t\t<\/div>\n\t\t\t\t<\/div>\n\t\t\t\t<div class=\"elementor-element elementor-element-1e6cbc2 elementor-widget elementor-widget-heading\" data-id=\"1e6cbc2\" data-element_type=\"widget\" data-e-type=\"widget\" data-widget_type=\"heading.default\">\n\t\t\t\t<div class=\"elementor-widget-container\">\n\t\t\t\t\t<h5 class=\"elementor-heading-title elementor-size-default\">KONZEPT \/ REGIE \/ SCHNITT<\/h5>\t\t\t\t<\/div>\n\t\t\t\t<\/div>\n\t\t\t\t\t<\/div>\n\t\t<\/div>\n\t\t\t\t\t<\/div>\n\t\t<\/section>\n\t\t\t\t<section class=\"elementor-section elementor-top-section elementor-element elementor-element-d35edbc elementor-section-boxed elementor-section-height-default elementor-section-height-default\" data-id=\"d35edbc\" data-element_type=\"section\" data-e-type=\"section\">\n\t\t\t\t\t\t<div class=\"elementor-container elementor-column-gap-default\">\n\t\t\t\t\t<div class=\"elementor-column elementor-col-50 elementor-top-column elementor-element elementor-element-c28b112\" data-id=\"c28b112\" data-element_type=\"column\" data-e-type=\"column\">\n\t\t\t<div class=\"elementor-widget-wrap elementor-element-populated\">\n\t\t\t\t\t\t<div class=\"elementor-element elementor-element-a94c5ed elementor-widget elementor-widget-image\" data-id=\"a94c5ed\" data-element_type=\"widget\" data-e-type=\"widget\" data-widget_type=\"image.default\">\n\t\t\t\t<div class=\"elementor-widget-container\">\n\t\t\t\t\t\t\t\t\t\t\t\t\t\t\t<img fetchpriority=\"high\" decoding=\"async\" width=\"768\" height=\"1210\" src=\"https:\/\/vanderloofilm.de\/wp-content\/uploads\/2020\/03\/JohannesVanderLoo_SW_small-768x1210.jpg\" class=\"attachment-medium_large size-medium_large wp-image-657\" alt=\"\" srcset=\"https:\/\/vanderloofilm.de\/wp-content\/uploads\/2020\/03\/JohannesVanderLoo_SW_small-768x1210.jpg 768w, https:\/\/vanderloofilm.de\/wp-content\/uploads\/2020\/03\/JohannesVanderLoo_SW_small-190x300.jpg 190w, https:\/\/vanderloofilm.de\/wp-content\/uploads\/2020\/03\/JohannesVanderLoo_SW_small-650x1024.jpg 650w, https:\/\/vanderloofilm.de\/wp-content\/uploads\/2020\/03\/JohannesVanderLoo_SW_small-975x1536.jpg 975w, https:\/\/vanderloofilm.de\/wp-content\/uploads\/2020\/03\/JohannesVanderLoo_SW_small-1300x2048.jpg 1300w, https:\/\/vanderloofilm.de\/wp-content\/uploads\/2020\/03\/JohannesVanderLoo_SW_small-1400x2206.jpg 1400w, https:\/\/vanderloofilm.de\/wp-content\/uploads\/2020\/03\/JohannesVanderLoo_SW_small-800x1261.jpg 800w, https:\/\/vanderloofilm.de\/wp-content\/uploads\/2020\/03\/JohannesVanderLoo_SW_small-scaled.jpg 1625w\" sizes=\"(max-width: 768px) 100vw, 768px\" \/>\t\t\t\t\t\t\t\t\t\t\t\t\t\t\t<\/div>\n\t\t\t\t<\/div>\n\t\t\t\t<section class=\"elementor-section elementor-inner-section elementor-element elementor-element-fbfb299 elementor-section-boxed elementor-section-height-default elementor-section-height-default\" data-id=\"fbfb299\" data-element_type=\"section\" data-e-type=\"section\">\n\t\t\t\t\t\t<div class=\"elementor-container elementor-column-gap-default\">\n\t\t\t\t\t<div class=\"elementor-column elementor-col-100 elementor-inner-column elementor-element elementor-element-764bff0\" data-id=\"764bff0\" data-element_type=\"column\" data-e-type=\"column\">\n\t\t\t<div class=\"elementor-widget-wrap elementor-element-populated\">\n\t\t\t\t\t\t\t<\/div>\n\t\t<\/div>\n\t\t\t\t\t<\/div>\n\t\t<\/section>\n\t\t\t\t\t<\/div>\n\t\t<\/div>\n\t\t\t\t<div class=\"elementor-column elementor-col-50 elementor-top-column elementor-element elementor-element-0488a08\" data-id=\"0488a08\" data-element_type=\"column\" data-e-type=\"column\">\n\t\t\t<div class=\"elementor-widget-wrap elementor-element-populated\">\n\t\t\t\t\t\t<div class=\"elementor-element elementor-element-d482107 elementor-widget elementor-widget-text-editor\" data-id=\"d482107\" data-element_type=\"widget\" data-e-type=\"widget\" data-widget_type=\"text-editor.default\">\n\t\t\t\t<div class=\"elementor-widget-container\">\n\t\t\t\t\t\t\t\t\t<p><span style=\"font-family: jost, Helvetica, Arial, sans-serif; font-size: 16px; font-style: normal; font-weight: 400;\">Nach meiner Ausbildung zum Mediengestalter in M\u00fcnchen arbeitete ich ein paar Jahre in M\u00fcnchen als Freiberufler im Filmbereich. 2018 zog es mich wieder zur\u00fcck in meine Heimat den Pf\u00e4lzer Wald. Von hier aus arbeitete ich an diversen Projekten entweder von zu Hause aus im Home Office oder auch deutschlandweit vor Ort \u2013 je nachdem was gerade ben\u00f6tigt wird.<\/span><br><\/p>\t\t\t\t\t\t\t\t<\/div>\n\t\t\t\t<\/div>\n\t\t\t\t\t<\/div>\n\t\t<\/div>\n\t\t\t\t\t<\/div>\n\t\t<\/section>\n\t\t\t\t<section class=\"elementor-section elementor-top-section elementor-element elementor-element-d0cd71d elementor-section-boxed elementor-section-height-default elementor-section-height-default\" data-id=\"d0cd71d\" data-element_type=\"section\" data-e-type=\"section\">\n\t\t\t\t\t\t<div class=\"elementor-container elementor-column-gap-default\">\n\t\t\t\t\t<div class=\"elementor-column elementor-col-100 elementor-top-column elementor-element elementor-element-1db89f0\" data-id=\"1db89f0\" data-element_type=\"column\" data-e-type=\"column\">\n\t\t\t<div class=\"elementor-widget-wrap elementor-element-populated\">\n\t\t\t\t\t\t<div class=\"elementor-element elementor-element-fb580c7 elementor-widget elementor-widget-spacer\" data-id=\"fb580c7\" data-element_type=\"widget\" data-e-type=\"widget\" data-widget_type=\"spacer.default\">\n\t\t\t\t<div class=\"elementor-widget-container\">\n\t\t\t\t\t\t\t<div class=\"elementor-spacer\">\n\t\t\t<div class=\"elementor-spacer-inner\"><\/div>\n\t\t<\/div>\n\t\t\t\t\t\t<\/div>\n\t\t\t\t<\/div>\n\t\t\t\t\t<\/div>\n\t\t<\/div>\n\t\t\t\t\t<\/div>\n\t\t<\/section>\n\t\t\t\t<section class=\"elementor-section elementor-top-section elementor-element elementor-element-39b24e2 elementor-section-boxed elementor-section-height-default elementor-section-height-default\" data-id=\"39b24e2\" data-element_type=\"section\" data-e-type=\"section\">\n\t\t\t\t\t\t<div class=\"elementor-container elementor-column-gap-default\">\n\t\t\t\t\t<div class=\"elementor-column elementor-col-100 elementor-top-column elementor-element elementor-element-c9cc1fb\" data-id=\"c9cc1fb\" data-element_type=\"column\" data-e-type=\"column\">\n\t\t\t<div class=\"elementor-widget-wrap elementor-element-populated\">\n\t\t\t\t\t\t<div class=\"elementor-element elementor-element-4cf05c6 elementor-widget elementor-widget-heading\" data-id=\"4cf05c6\" data-element_type=\"widget\" data-e-type=\"widget\" data-widget_type=\"heading.default\">\n\t\t\t\t<div class=\"elementor-widget-container\">\n\t\t\t\t\t<h3 class=\"elementor-heading-title elementor-size-default\">Hier erreichen Sie mich<\/h3>\t\t\t\t<\/div>\n\t\t\t\t<\/div>\n\t\t\t\t\t<\/div>\n\t\t<\/div>\n\t\t\t\t\t<\/div>\n\t\t<\/section>\n\t\t\t\t<section class=\"elementor-section elementor-top-section elementor-element elementor-element-25e1902 elementor-section-boxed elementor-section-height-default elementor-section-height-default\" data-id=\"25e1902\" data-element_type=\"section\" data-e-type=\"section\">\n\t\t\t\t\t\t<div class=\"elementor-container elementor-column-gap-default\">\n\t\t\t\t\t<div class=\"elementor-column elementor-col-100 elementor-top-column elementor-element elementor-element-79bfcab\" data-id=\"79bfcab\" data-element_type=\"column\" data-e-type=\"column\">\n\t\t\t<div class=\"elementor-widget-wrap elementor-element-populated\">\n\t\t\t\t\t\t<div class=\"elementor-element elementor-element-f5988e1 elementor-widget elementor-widget-heading\" data-id=\"f5988e1\" data-element_type=\"widget\" data-e-type=\"widget\" data-widget_type=\"heading.default\">\n\t\t\t\t<div class=\"elementor-widget-container\">\n\t\t\t\t\t<h4 class=\"elementor-heading-title elementor-size-default\">johannes@vanderloofilm.de<br>+49 176  622 727 86<\/h4>\t\t\t\t<\/div>\n\t\t\t\t<\/div>\n\t\t\t\t\t<\/div>\n\t\t<\/div>\n\t\t\t\t\t<\/div>\n\t\t<\/section>\n\t\t\t\t<\/div>\n\t\t","protected":false},"excerpt":{"rendered":"<p>Johannes Van der Loo KONZEPT \/ REGIE \/ SCHNITT Nach meiner Ausbildung zum Mediengestalter in M\u00fcnchen arbeitete ich ein paar Jahre in M\u00fcnchen als Freiberufler im Filmbereich. 2018 zog es mich wieder zur\u00fcck in meine Heimat den Pf\u00e4lzer Wald. Von hier aus arbeitete ich an diversen Projekten entweder von zu Hause aus im Home Office oder auch deutschlandweit vor Ort \u2013 je nachdem was gerade ben\u00f6tigt wird. Hier erreichen Sie mich johannes@vanderloofilm.de+49 176 622 727 86<\/p>\n","protected":false},"author":1,"featured_media":0,"parent":0,"menu_order":0,"comment_status":"closed","ping_status":"open","template":"","meta":{"footnotes":""},"class_list":["post-2","page","type-page","status-publish","hentry"],"_links":{"self":[{"href":"http:\/\/vanderloofilm.de\/index.php?rest_route=\/wp\/v2\/pages\/2","targetHints":{"allow":["GET"]}}],"collection":[{"href":"http:\/\/vanderloofilm.de\/index.php?rest_route=\/wp\/v2\/pages"}],"about":[{"href":"http:\/\/vanderloofilm.de\/index.php?rest_route=\/wp\/v2\/types\/page"}],"author":[{"embeddable":true,"href":"http:\/\/vanderloofilm.de\/index.php?rest_route=\/wp\/v2\/users\/1"}],"replies":[{"embeddable":true,"href":"http:\/\/vanderloofilm.de\/index.php?rest_route=%2Fwp%2Fv2%2Fcomments&post=2"}],"version-history":[{"count":142,"href":"http:\/\/vanderloofilm.de\/index.php?rest_route=\/wp\/v2\/pages\/2\/revisions"}],"predecessor-version":[{"id":914,"href":"http:\/\/vanderloofilm.de\/index.php?rest_route=\/wp\/v2\/pages\/2\/revisions\/914"}],"wp:attachment":[{"href":"http:\/\/vanderloofilm.de\/index.php?rest_route=%2Fwp%2Fv2%2Fmedia&parent=2"}],"curies":[{"name":"wp","href":"https:\/\/api.w.org\/{rel}","templated":true}]}}